{"id":369,"date":"2020-05-21T20:26:34","date_gmt":"2020-05-21T20:26:34","guid":{"rendered":"https:\/\/demos.kadencewp.com\/blocks-saas\/?page_id=369"},"modified":"2026-02-23T09:51:04","modified_gmt":"2026-02-23T06:51:04","slug":"iletisim","status":"publish","type":"page","link":"https:\/\/www.uc-gadgets.com\/en\/iletisim\/","title":{"rendered":"\u0130leti\u015fim"},"content":{"rendered":"<style>.kb-row-layout-id369_0d551a-37 > .kt-row-column-wrap{align-content:center;}:where(.kb-row-layout-id369_0d551a-37 > .kt-row-column-wrap) > .wp-block-kadence-column{justify-content:center;}.kb-row-layout-id369_0d551a-37 > .kt-row-column-wrap{column-gap:var(--global-kb-gap-md, 2rem);row-gap:var(--global-kb-gap-md, 2rem);max-width:687px;margin-left:auto;margin-right:auto;padding-top:80px;padding-right:25px;padding-bottom:110px;padding-left:25px;min-height:660px;grid-template-columns:minmax(0, 1fr);}.kb-row-layout-id369_0d551a-37 > .kt-row-layout-overlay{opacity:1;background:linear-gradient(90deg, var(--global-palette1) 12%, var(--global-palette2) 100%);}.kb-row-layout-id369_0d551a-37 .kt-row-layout-bottom-sep{height:100px;}.kb-row-layout-id369_0d551a-37 .kt-row-layout-bottom-sep svg{width:100%;}.kb-row-layout-id369_0d551a-37 .kt-row-layout-bottom-sep svg{fill:var(--global-palette9, #ffffff)!important;}@media all and (max-width: 1024px){.kb-row-layout-id369_0d551a-37 > .kt-row-column-wrap{grid-template-columns:minmax(0, 1fr);}}@media all and (max-width: 1024px){.kb-row-layout-id369_0d551a-37 .kt-row-layout-bottom-sep{height:px;}}@media all and (max-width: 1024px){.kb-row-layout-id369_0d551a-37 .kt-row-layout-bottom-sep svg{width:%;}}@media all and (max-width: 767px){.kb-row-layout-id369_0d551a-37 > .kt-row-column-wrap{grid-template-columns:minmax(0, 1fr);}.kb-row-layout-id369_0d551a-37 .kt-row-layout-bottom-sep{height:px;}.kb-row-layout-id369_0d551a-37 .kt-row-layout-bottom-sep svg{width:%;}}<\/style><div class=\"kb-row-layout-wrap kb-row-layout-id369_0d551a-37 alignnone kt-row-has-bg wp-block-kadence-rowlayout\"><div class=\"kt-row-layout-overlay kt-row-overlay-gradient\"><\/div><div class=\"kt-row-layout-bottom-sep kt-row-sep-type-mtns\"><svg viewBox=\"0 0 1000 100\" preserveAspectRatio=\"none\"><path d=\"M1000,50l-182.69,-45.286l-292.031,61.197l-190.875,-41.075l-143.748,28.794l-190.656,-23.63l0,70l1000,0l0,-50Z\" style=\"opacity: 0.4\" \/><path d=\"M1000,57l-152.781,-22.589l-214.383,19.81l-159.318,-21.471l-177.44,25.875l-192.722,5.627l-103.356,-27.275l0,63.023l1000,0l0,-43Z\" \/><\/svg><\/div><div class=\"kt-row-column-wrap kt-has-1-columns kt-row-layout-equal kt-tab-layout-inherit kt-mobile-layout-row kt-row-valign-middle\">\n<style>.kadence-column369_41c523-ec > .kt-inside-inner-col,.kadence-column369_41c523-ec > .kt-inside-inner-col:before{border-top-left-radius:0px;border-top-right-radius:0px;border-bottom-right-radius:0px;border-bottom-left-radius:0px;}.kadence-column369_41c523-ec > .kt-inside-inner-col{column-gap:var(--global-kb-gap-sm, 1rem);}.kadence-column369_41c523-ec > .kt-inside-inner-col{flex-direction:column;}.kadence-column369_41c523-ec > .kt-inside-inner-col > .aligncenter{width:100%;}.kadence-column369_41c523-ec > .kt-inside-inner-col:before{opacity:0.3;}.kadence-column369_41c523-ec{position:relative;}@media all and (max-width: 1024px){.kadence-column369_41c523-ec > .kt-inside-inner-col{flex-direction:column;justify-content:center;}}@media all and (max-width: 767px){.kadence-column369_41c523-ec > .kt-inside-inner-col{flex-direction:column;justify-content:center;}}<\/style>\n<div class=\"wp-block-kadence-column kadence-column369_41c523-ec inner-column-1\"><div class=\"kt-inside-inner-col\"><style>.wp-block-kadence-advancedheading.kt-adv-heading369_5836b8-56, .wp-block-kadence-advancedheading.kt-adv-heading369_5836b8-56[data-kb-block=\"kb-adv-heading369_5836b8-56\"]{text-align:center;font-size:60px;font-weight:normal;font-style:normal;color:#ffffff;text-shadow:1px 1px 1px rgba(0, 0, 0, 0.2);}.wp-block-kadence-advancedheading.kt-adv-heading369_5836b8-56 mark.kt-highlight, .wp-block-kadence-advancedheading.kt-adv-heading369_5836b8-56[data-kb-block=\"kb-adv-heading369_5836b8-56\"] mark.kt-highlight{font-weight:normal;font-style:normal;color:#f76a0c;-webkit-box-decoration-break:clone;box-decoration-break:clone;padding-top:0px;padding-right:0px;padding-bottom:0px;padding-left:0px;}.wp-block-kadence-advancedheading.kt-adv-heading369_5836b8-56 img.kb-inline-image, .wp-block-kadence-advancedheading.kt-adv-heading369_5836b8-56[data-kb-block=\"kb-adv-heading369_5836b8-56\"] img.kb-inline-image{width:150px;vertical-align:baseline;}@media all and (max-width: 1024px){.wp-block-kadence-advancedheading.kt-adv-heading369_5836b8-56, .wp-block-kadence-advancedheading.kt-adv-heading369_5836b8-56[data-kb-block=\"kb-adv-heading369_5836b8-56\"]{text-shadow:1px 1px 1px rgba(0, 0, 0, 0.2);}}@media all and (max-width: 767px){.wp-block-kadence-advancedheading.kt-adv-heading369_5836b8-56, .wp-block-kadence-advancedheading.kt-adv-heading369_5836b8-56[data-kb-block=\"kb-adv-heading369_5836b8-56\"]{text-shadow:1px 1px 1px rgba(0, 0, 0, 0.2);font-size:var(--global-kb-font-size-lg, 2rem);}}<\/style>\n<h1 class=\"kt-adv-heading369_5836b8-56 wp-block-kadence-advancedheading\" data-kb-block=\"kb-adv-heading369_5836b8-56\">Uzmanlar\u0131m\u0131zla Tan\u0131\u015f\u0131n<\/h1>\n\n\n<style>.wp-block-kadence-advancedheading.kt-adv-heading369_af93da-ab, .wp-block-kadence-advancedheading.kt-adv-heading369_af93da-ab[data-kb-block=\"kb-adv-heading369_af93da-ab\"]{text-align:center;font-size:20px;line-height:36px;font-weight:normal;font-style:normal;color:#ffffff;}.wp-block-kadence-advancedheading.kt-adv-heading369_af93da-ab mark.kt-highlight, .wp-block-kadence-advancedheading.kt-adv-heading369_af93da-ab[data-kb-block=\"kb-adv-heading369_af93da-ab\"] mark.kt-highlight{font-weight:normal;font-style:normal;color:#f76a0c;-webkit-box-decoration-break:clone;box-decoration-break:clone;padding-top:0px;padding-right:0px;padding-bottom:0px;padding-left:0px;}.wp-block-kadence-advancedheading.kt-adv-heading369_af93da-ab img.kb-inline-image, .wp-block-kadence-advancedheading.kt-adv-heading369_af93da-ab[data-kb-block=\"kb-adv-heading369_af93da-ab\"] img.kb-inline-image{width:150px;vertical-align:baseline;}<\/style>\n<p class=\"kt-adv-heading369_af93da-ab wp-block-kadence-advancedheading\" data-kb-block=\"kb-adv-heading369_af93da-ab\">Misafir \u0130li\u015fkileri ve Analitiklerinin Gelece\u011fini \u015eekillendiren \u00c7\u00f6z\u00fcmleri Ke\u015ffedin.<\/p>\n<\/div><\/div>\n\n<\/div><\/div>\n\n<style>.kb-row-layout-wrap.wp-block-kadence-rowlayout.kb-row-layout-id369_511131-48{margin-top:-60px;}.kb-row-layout-id369_511131-48 > .kt-row-column-wrap{align-content:start;}:where(.kb-row-layout-id369_511131-48 > .kt-row-column-wrap) > .wp-block-kadence-column{justify-content:start;}.kb-row-layout-id369_511131-48 > .kt-row-column-wrap{column-gap:40px;row-gap:var(--global-kb-gap-md, 2rem);max-width:943px;margin-left:auto;margin-right:auto;padding-top:60px;padding-right:25px;padding-bottom:80px;padding-left:25px;grid-template-columns:minmax(0, 2fr) minmax(0, 1fr);}.kb-row-layout-id369_511131-48 > .kt-row-layout-overlay{opacity:0.30;}@media all and (max-width: 1024px){.kb-row-layout-id369_511131-48 > .kt-row-column-wrap{grid-template-columns:minmax(0, 2fr) minmax(0, 1fr);}}@media all and (max-width: 767px){.kb-row-layout-id369_511131-48 > .kt-row-column-wrap{grid-template-columns:minmax(0, 1fr);}}<\/style><div class=\"kb-row-layout-wrap kb-row-layout-id369_511131-48 alignnone wp-block-kadence-rowlayout\"><div class=\"kt-row-column-wrap kt-has-2-columns kt-row-layout-left-golden kt-tab-layout-inherit kt-mobile-layout-row kt-row-valign-top\">\n<style>.kadence-column369_75276c-d4 > .kt-inside-inner-col{display:flex;}.kadence-column369_75276c-d4 > .kt-inside-inner-col{padding-top:30px;padding-right:30px;padding-bottom:30px;padding-left:30px;}.kadence-column369_75276c-d4 > .kt-inside-inner-col{box-shadow:0px 0px 30px 0px rgba(0, 0, 0, 0.08);}.kadence-column369_75276c-d4 > .kt-inside-inner-col,.kadence-column369_75276c-d4 > .kt-inside-inner-col:before{border-top-left-radius:10px;border-top-right-radius:10px;border-bottom-right-radius:10px;border-bottom-left-radius:10px;}.kadence-column369_75276c-d4 > .kt-inside-inner-col{column-gap:var(--global-kb-gap-sm, 1rem);}.kadence-column369_75276c-d4 > .kt-inside-inner-col{flex-direction:column;}.kadence-column369_75276c-d4 > .kt-inside-inner-col > .aligncenter{width:100%;}.kadence-column369_75276c-d4 > .kt-inside-inner-col{background-color:var(--global-palette9, #ffffff);}.kadence-column369_75276c-d4 > .kt-inside-inner-col:before{opacity:0.3;}.kadence-column369_75276c-d4{position:relative;}.kadence-column369_75276c-d4, .kt-inside-inner-col > .kadence-column369_75276c-d4:not(.specificity){margin-top:-200px;}@media all and (max-width: 1024px){.kadence-column369_75276c-d4 > .kt-inside-inner-col{flex-direction:column;justify-content:center;}}@media all and (max-width: 767px){.kadence-column369_75276c-d4 > .kt-inside-inner-col{flex-direction:column;justify-content:center;}}<\/style>\n<div class=\"wp-block-kadence-column kadence-column369_75276c-d4\"><div class=\"kt-inside-inner-col\"><style>.kadence-form-369_da310c-0b .kb-form .kadence-blocks-form-field .kb-text-style-field, .kadence-form-369_da310c-0b .kb-form .kadence-blocks-form-field .kb-select-style-field{border-width:1px 1px 1px 1px;background:var(--global-palette8, #F7FAFC);border-color:var(--global-palette7, #EDF2F7);}.kadence-form-369_da310c-0b .kb-form .kadence-blocks-form-field .kb-text-style-field:focus, .kadence-form-369_da310c-0b .kb-form .kadence-blocks-form-field .kb-select-style-field:focus{border-color:var(--global-palette8, #F7FAFC);background:var(--global-palette8, #F7FAFC);}.kadence-form-369_da310c-0b .kb-form .kadence-blocks-form-field .kb-text-style-field{padding-top:12px;padding-right:18px;padding-bottom:12px;padding-left:18px;}.kadence-form-369_da310c-0b .kb-form .kadence-blocks-form-field .kb-forms-submit{border-radius:50px;background:var(--global-palette1, #3182CE);}.kadence-form-369_da310c-0b .kb-form .kadence-blocks-form-field .kb-forms-submit:hover, .kadence-form-369_da310c-0b .kb-form .kadence-blocks-form-field .kb-forms-submit:focus {background:var(--global-palette2, #2B6CB0);}.kb-form input.kadence-blocks-field.verify{opacity:0.0;position:absolute;top:0.0;left:0.0;width:0.0;height:0.0;z-index:-1;}<\/style>\n<div class=\"wp-block-kadence-form kadence-form-369_da310c-0b kb-form-wrap\"><form class=\"kb-form\" action=\"\" method=\"post\" data-error-message=\"L\u00fctfen devam etmeden hatalar\u0131 d\u00fczeltin.\"><div class=\"kadence-blocks-form-field kb-field-desk-width-100 kb-input-size-custom\"><input name=\"kb_field_0\" id=\"kb_field_369_da310c-0b_0\" data-label=\"Name\" type=\"text\" placeholder=\"Ad\u0131n\u0131z *\" value=\"\" data-type=\"text\" class=\"kb-field kb-text-style-field kb-text-field kb-field-0\" data-required=\"yes\" data-required-message=\"\u0130sim girilmesi gereklidir.\"\/><\/div><div class=\"kadence-blocks-form-field kb-form-field-1 kb-field-desk-width-100 kb-input-size-custom\"><input name=\"kb_field_1\" id=\"kb_field_369_da310c-0b_1\" data-label=\"Soyad\" type=\"text\" placeholder=\"Soyad\u0131n\u0131z *\" value=\"\" data-type=\"text\" class=\"kb-field kb-text-style-field kb-text-field kb-field-1\" data-required=\"yes\" data-required-message=\"Soyad\u0131 girilmesi gereklidir.\"\/><\/div><div class=\"kadence-blocks-form-field kb-form-field-2 kb-field-desk-width-100 kb-input-size-custom\"><input name=\"kb_field_2\" id=\"kb_field_369_da310c-0b_2\" data-label=\"Email\" type=\"email\" placeholder=\"Email *\" value=\"\" data-type=\"email\" class=\"kb-field kb-text-style-field kb-email-field kb-field-2\" data-required=\"yes\" data-required-message=\"Email gereklidir.\" data-validation-message=\"Ge\u00e7ersiz email adresi.\"\/><\/div><div class=\"kadence-blocks-form-field kb-form-field-3 kb-field-desk-width-100 kb-input-size-custom\"><input name=\"kb_field_3\" id=\"kb_field_369_da310c-0b_3\" data-label=\"Telefon\" type=\"tel\" placeholder=\"(555)-555-55-55 *\" value=\"\" data-type=\"tel\" class=\"kb-field kb-text-style-field kb-tel-field kb-field-3\" autocomplete=\"tel\" data-required=\"yes\" data-required-message=\"Telefon numaras\u0131 gereklidir.\" data-validation-message=\"Ge\u00e7ersiz telefon numaras\u0131.\"\/><\/div><div class=\"kadence-blocks-form-field kb-form-field-4 kb-field-desk-width-100 kb-input-size-custom\"><input name=\"kb_field_4\" id=\"kb_field_369_da310c-0b_4\" data-label=\"\" type=\"text\" placeholder=\"\u015eirket Ad\u0131n\u0131z *\" value=\"\" data-type=\"text\" class=\"kb-field kb-text-style-field kb-text-field kb-field-4\" autocomplete=\"organization\" data-required=\"yes\" data-required-message=\"\u015eirket ad\u0131 girilmesi zorunludur.\"\/><\/div><div class=\"kadence-blocks-form-field kb-form-field-5 kb-field-desk-width-100 kb-input-size-custom\"><textarea name=\"kb_field_5\" id=\"kb_field_369_da310c-0b_5\" data-label=\"Mesaj\u0131n\u0131z\" type=\"textarea\" placeholder=\"Mesaj\u0131n\u0131z\u0131 buraya giriniz... *\" data-type=\"textarea\" class=\"kb-field kb-text-style-field kb-textarea-field kb-field-5\" rows=\"4\" data-required=\"yes\" data-required-message=\"Mesaj girmeniz gereklidir.\"><\/textarea><\/div><input type=\"hidden\" name=\"_kb_form_id\" value=\"369_da310c-0b\"\/><input type=\"hidden\" name=\"_kb_form_post_id\" value=\"369\"\/><input type=\"hidden\" name=\"action\" value=\"kb_process_ajax_submit\"\/><div class=\"kadence-blocks-form-field google-recaptcha-checkout-wrap\"><p id=\"kb-container-g-recaptcha\" class=\"google-recaptcha-container\"><span id=\"kb_recaptcha_369_da310c-0b\" class=\"kadence-blocks-g-recaptcha-v2 g-recaptcha kb_recaptcha_369_da310c-0b\" style=\"display:inline-block\"><\/span><\/p><\/div><label class=\"kadence-verify-label\">Email<input class=\"kadence-blocks-field verify\" type=\"text\" name=\"_kb_verify_email\" autocomplete=\"new-password\" aria-hidden=\"true\" placeholder=\"Email\" tabindex=\"-1\" data-1p-ignore=\"true\" data-lpignore=\"true\" \/><\/label><div class=\"kadence-blocks-form-field kb-submit-field kb-field-desk-width-100\"><button class=\"kb-forms-submit button kb-button-size-standard kb-button-width-auto\">Demo Talep Et<\/button><\/div><\/form><\/div>\n<noscript><div class=\"kadence-blocks-form-message kadence-blocks-form-warning\">Please enable JavaScript in your browser to submit the form<\/div><style>.kadence-form-369_da310c-0b .kadence-blocks-form-field.kb-submit-field { display: none; }<\/style><\/noscript><\/div><\/div>\n\n\n<style>.kadence-column369_877da1-eb > .kt-inside-inner-col,.kadence-column369_877da1-eb > .kt-inside-inner-col:before{border-top-left-radius:0px;border-top-right-radius:0px;border-bottom-right-radius:0px;border-bottom-left-radius:0px;}.kadence-column369_877da1-eb > .kt-inside-inner-col{column-gap:var(--global-kb-gap-sm, 1rem);}.kadence-column369_877da1-eb > .kt-inside-inner-col{flex-direction:column;}.kadence-column369_877da1-eb > .kt-inside-inner-col > .aligncenter{width:100%;}.kadence-column369_877da1-eb > .kt-inside-inner-col:before{opacity:0.3;}.kadence-column369_877da1-eb{position:relative;}@media all and (max-width: 1024px){.kadence-column369_877da1-eb > .kt-inside-inner-col{flex-direction:column;justify-content:center;}}@media all and (max-width: 767px){.kadence-column369_877da1-eb > .kt-inside-inner-col{flex-direction:column;justify-content:center;}}<\/style>\n<div class=\"wp-block-kadence-column kadence-column369_877da1-eb inner-column-2\"><div class=\"kt-inside-inner-col\"><style>.wp-block-kadence-advancedheading.kt-adv-heading369_e8b0e5-6f, .wp-block-kadence-advancedheading.kt-adv-heading369_e8b0e5-6f[data-kb-block=\"kb-adv-heading369_e8b0e5-6f\"]{font-size:19px;line-height:30px;font-weight:normal;font-style:normal;}.wp-block-kadence-advancedheading.kt-adv-heading369_e8b0e5-6f mark.kt-highlight, .wp-block-kadence-advancedheading.kt-adv-heading369_e8b0e5-6f[data-kb-block=\"kb-adv-heading369_e8b0e5-6f\"] mark.kt-highlight{font-weight:normal;font-style:normal;color:#f76a0c;-webkit-box-decoration-break:clone;box-decoration-break:clone;padding-top:0px;padding-right:0px;padding-bottom:0px;padding-left:0px;}.wp-block-kadence-advancedheading.kt-adv-heading369_e8b0e5-6f img.kb-inline-image, .wp-block-kadence-advancedheading.kt-adv-heading369_e8b0e5-6f[data-kb-block=\"kb-adv-heading369_e8b0e5-6f\"] img.kb-inline-image{width:150px;vertical-align:baseline;}<\/style>\n<p class=\"kt-adv-heading369_e8b0e5-6f wp-block-kadence-advancedheading has-theme-palette-5-color has-text-color\" data-kb-block=\"kb-adv-heading369_e8b0e5-6f\">Sorular\u0131n\u0131z m\u0131 var veya yard\u0131ma m\u0131 ihtiyac\u0131n\u0131z var? \u0130leti\u015fime ge\u00e7mek i\u00e7in formu kullan\u0131n, en k\u0131sa s\u00fcrede sizinle ileti\u015fime ge\u00e7ece\u011fiz.<\/p>\n<\/div><\/div>\n\n<\/div><\/div>\n\n\n<p><\/p>\n","protected":false},"excerpt":{"rendered":"<p>Uzmanlar\u0131m\u0131zla Tan\u0131\u015f\u0131n Misafir \u0130li\u015fkileri ve Analitiklerinin Gelece\u011fini \u015eekillendiren \u00c7\u00f6z\u00fcmleri Ke\u015ffedin. Sorular\u0131n\u0131z m\u0131 var veya yard\u0131ma m\u0131 ihtiyac\u0131n\u0131z var? \u0130leti\u015fime ge\u00e7mek i\u00e7in formu kullan\u0131n, en k\u0131sa s\u00fcrede sizinle ileti\u015fime ge\u00e7ece\u011fiz.<\/p>","protected":false},"author":1,"featured_media":0,"parent":0,"menu_order":0,"comment_status":"closed","ping_status":"closed","template":"","meta":{"_kadence_starter_templates_imported_post":true,"_kad_post_transparent":"","_kad_post_title":"hide","_kad_post_layout":"","_kad_post_sidebar_id":"","_kad_post_content_style":"","_kad_post_vertical_padding":"","_kad_post_feature":"","_kad_post_feature_position":"","_kad_post_header":false,"_kad_post_footer":false,"_kad_post_classname":"","footnotes":""},"class_list":["post-369","page","type-page","status-publish","hentry"],"yoast_head":"<title>\u0130leti\u015fim | UC Gadgets<\/title>\n<meta name=\"description\" content=\"UC-Gadgets ile ileti\u015fime ge\u00e7in. Demo talep edin, \u00fcr\u00fcnlerimiz hakk\u0131nda bilgi al\u0131n veya sorular\u0131n\u0131z\u0131 bize iletin.\" \/>\n<meta name=\"robots\" content=\"index, follow, max-snippet:-1, max-image-preview:large, max-video-preview:-1\" \/>\n<link rel=\"canonical\" href=\"https:\/\/www.uc-gadgets.com\/en\/iletisim\/\" \/>\n<meta property=\"og:locale\" content=\"en_US\" \/>\n<meta property=\"og:type\" content=\"article\" \/>\n<meta property=\"og:title\" content=\"\u0130leti\u015fim | UC Gadgets\" \/>\n<meta property=\"og:description\" content=\"UC-Gadgets ile ileti\u015fime ge\u00e7in. Demo talep edin, \u00fcr\u00fcnlerimiz hakk\u0131nda bilgi al\u0131n veya sorular\u0131n\u0131z\u0131 bize iletin.\" \/>\n<meta property=\"og:url\" content=\"https:\/\/www.uc-gadgets.com\/en\/iletisim\/\" \/>\n<meta property=\"og:site_name\" content=\"UC-GADGETS\" \/>\n<meta property=\"article:modified_time\" content=\"2026-02-23T06:51:04+00:00\" \/>\n<meta name=\"twitter:card\" content=\"summary_large_image\" \/>\n<meta name=\"twitter:label1\" content=\"Est. reading time\" \/>\n\t<meta name=\"twitter:data1\" content=\"1 minute\" \/>\n<script type=\"application\/ld+json\" class=\"yoast-schema-graph\">{\"@context\":\"https:\\\/\\\/schema.org\",\"@graph\":[{\"@type\":\"WebPage\",\"@id\":\"https:\\\/\\\/www.uc-gadgets.com\\\/iletisim\\\/\",\"url\":\"https:\\\/\\\/www.uc-gadgets.com\\\/iletisim\\\/\",\"name\":\"\u0130leti\u015fim | UC Gadgets\",\"isPartOf\":{\"@id\":\"https:\\\/\\\/18.199.35.1\\\/#website\"},\"datePublished\":\"2020-05-21T20:26:34+00:00\",\"dateModified\":\"2026-02-23T06:51:04+00:00\",\"description\":\"UC-Gadgets ile ileti\u015fime ge\u00e7in. Demo talep edin, \u00fcr\u00fcnlerimiz hakk\u0131nda bilgi al\u0131n veya sorular\u0131n\u0131z\u0131 bize iletin.\",\"breadcrumb\":{\"@id\":\"https:\\\/\\\/www.uc-gadgets.com\\\/iletisim\\\/#breadcrumb\"},\"inLanguage\":\"en-US\",\"potentialAction\":[{\"@type\":\"ReadAction\",\"target\":[\"https:\\\/\\\/www.uc-gadgets.com\\\/iletisim\\\/\"]}]},{\"@type\":\"BreadcrumbList\",\"@id\":\"https:\\\/\\\/www.uc-gadgets.com\\\/iletisim\\\/#breadcrumb\",\"itemListElement\":[{\"@type\":\"ListItem\",\"position\":1,\"name\":\"Home\",\"item\":\"https:\\\/\\\/18.199.35.1\\\/\"},{\"@type\":\"ListItem\",\"position\":2,\"name\":\"\u0130leti\u015fim\"}]},{\"@type\":\"WebSite\",\"@id\":\"https:\\\/\\\/18.199.35.1\\\/#website\",\"url\":\"https:\\\/\\\/18.199.35.1\\\/\",\"name\":\"UC-GADGETS\",\"description\":\"Yapay Zeka Destekli \u00c7a\u011fr\u0131 Merkezi Analiz \u00c7\u00f6z\u00fcmleri\",\"publisher\":{\"@id\":\"https:\\\/\\\/18.199.35.1\\\/#organization\"},\"potentialAction\":[{\"@type\":\"SearchAction\",\"target\":{\"@type\":\"EntryPoint\",\"urlTemplate\":\"https:\\\/\\\/18.199.35.1\\\/?s={search_term_string}\"},\"query-input\":{\"@type\":\"PropertyValueSpecification\",\"valueRequired\":true,\"valueName\":\"search_term_string\"}}],\"inLanguage\":\"en-US\"},{\"@type\":\"Organization\",\"@id\":\"https:\\\/\\\/18.199.35.1\\\/#organization\",\"name\":\"UC-GADGETS\",\"url\":\"https:\\\/\\\/18.199.35.1\\\/\",\"logo\":{\"@type\":\"ImageObject\",\"inLanguage\":\"en-US\",\"@id\":\"https:\\\/\\\/18.199.35.1\\\/#\\\/schema\\\/logo\\\/image\\\/\",\"url\":\"https:\\\/\\\/18.197.164.135\\\/wp-content\\\/uploads\\\/2025\\\/03\\\/logo-dark-1.png\",\"contentUrl\":\"https:\\\/\\\/18.197.164.135\\\/wp-content\\\/uploads\\\/2025\\\/03\\\/logo-dark-1.png\",\"width\":187,\"height\":50,\"caption\":\"UC-GADGETS\"},\"image\":{\"@id\":\"https:\\\/\\\/18.199.35.1\\\/#\\\/schema\\\/logo\\\/image\\\/\"}}]}<\/script>","yoast_head_json":{"title":"\u0130leti\u015fim | UC Gadgets","description":"UC-Gadgets ile ileti\u015fime ge\u00e7in. Demo talep edin, \u00fcr\u00fcnlerimiz hakk\u0131nda bilgi al\u0131n veya sorular\u0131n\u0131z\u0131 bize iletin.","robots":{"index":"index","follow":"follow","max-snippet":"max-snippet:-1","max-image-preview":"max-image-preview:large","max-video-preview":"max-video-preview:-1"},"canonical":"https:\/\/www.uc-gadgets.com\/en\/iletisim\/","og_locale":"en_US","og_type":"article","og_title":"\u0130leti\u015fim | UC Gadgets","og_description":"UC-Gadgets ile ileti\u015fime ge\u00e7in. Demo talep edin, \u00fcr\u00fcnlerimiz hakk\u0131nda bilgi al\u0131n veya sorular\u0131n\u0131z\u0131 bize iletin.","og_url":"https:\/\/www.uc-gadgets.com\/en\/iletisim\/","og_site_name":"UC-GADGETS","article_modified_time":"2026-02-23T06:51:04+00:00","twitter_card":"summary_large_image","twitter_misc":{"Est. reading time":"1 minute"},"schema":{"@context":"https:\/\/schema.org","@graph":[{"@type":"WebPage","@id":"https:\/\/www.uc-gadgets.com\/iletisim\/","url":"https:\/\/www.uc-gadgets.com\/iletisim\/","name":"\u0130leti\u015fim | UC Gadgets","isPartOf":{"@id":"https:\/\/18.199.35.1\/#website"},"datePublished":"2020-05-21T20:26:34+00:00","dateModified":"2026-02-23T06:51:04+00:00","description":"UC-Gadgets ile ileti\u015fime ge\u00e7in. Demo talep edin, \u00fcr\u00fcnlerimiz hakk\u0131nda bilgi al\u0131n veya sorular\u0131n\u0131z\u0131 bize iletin.","breadcrumb":{"@id":"https:\/\/www.uc-gadgets.com\/iletisim\/#breadcrumb"},"inLanguage":"en-US","potentialAction":[{"@type":"ReadAction","target":["https:\/\/www.uc-gadgets.com\/iletisim\/"]}]},{"@type":"BreadcrumbList","@id":"https:\/\/www.uc-gadgets.com\/iletisim\/#breadcrumb","itemListElement":[{"@type":"ListItem","position":1,"name":"Home","item":"https:\/\/18.199.35.1\/"},{"@type":"ListItem","position":2,"name":"\u0130leti\u015fim"}]},{"@type":"WebSite","@id":"https:\/\/18.199.35.1\/#website","url":"https:\/\/18.199.35.1\/","name":"UC-GADGETS","description":"Yapay Zeka Destekli \u00c7a\u011fr\u0131 Merkezi Analiz \u00c7\u00f6z\u00fcmleri","publisher":{"@id":"https:\/\/18.199.35.1\/#organization"},"potentialAction":[{"@type":"SearchAction","target":{"@type":"EntryPoint","urlTemplate":"https:\/\/18.199.35.1\/?s={search_term_string}"},"query-input":{"@type":"PropertyValueSpecification","valueRequired":true,"valueName":"search_term_string"}}],"inLanguage":"en-US"},{"@type":"Organization","@id":"https:\/\/18.199.35.1\/#organization","name":"UC-GADGETS","url":"https:\/\/18.199.35.1\/","logo":{"@type":"ImageObject","inLanguage":"en-US","@id":"https:\/\/18.199.35.1\/#\/schema\/logo\/image\/","url":"https:\/\/18.197.164.135\/wp-content\/uploads\/2025\/03\/logo-dark-1.png","contentUrl":"https:\/\/18.197.164.135\/wp-content\/uploads\/2025\/03\/logo-dark-1.png","width":187,"height":50,"caption":"UC-GADGETS"},"image":{"@id":"https:\/\/18.199.35.1\/#\/schema\/logo\/image\/"}}]}},"_links":{"self":[{"href":"https:\/\/www.uc-gadgets.com\/en\/wp-json\/wp\/v2\/pages\/369","targetHints":{"allow":["GET"]}}],"collection":[{"href":"https:\/\/www.uc-gadgets.com\/en\/wp-json\/wp\/v2\/pages"}],"about":[{"href":"https:\/\/www.uc-gadgets.com\/en\/wp-json\/wp\/v2\/types\/page"}],"author":[{"embeddable":true,"href":"https:\/\/www.uc-gadgets.com\/en\/wp-json\/wp\/v2\/users\/1"}],"replies":[{"embeddable":true,"href":"https:\/\/www.uc-gadgets.com\/en\/wp-json\/wp\/v2\/comments?post=369"}],"version-history":[{"count":23,"href":"https:\/\/www.uc-gadgets.com\/en\/wp-json\/wp\/v2\/pages\/369\/revisions"}],"predecessor-version":[{"id":854,"href":"https:\/\/www.uc-gadgets.com\/en\/wp-json\/wp\/v2\/pages\/369\/revisions\/854"}],"wp:attachment":[{"href":"https:\/\/www.uc-gadgets.com\/en\/wp-json\/wp\/v2\/media?parent=369"}],"curies":[{"name":"wp","href":"https:\/\/api.w.org\/{rel}","templated":true}]}}