{"id":422,"date":"2020-05-21T21:23:37","date_gmt":"2020-05-21T21:23:37","guid":{"rendered":"https:\/\/demos.kadencewp.com\/blocks-saas\/?page_id=422"},"modified":"2026-02-23T10:05:26","modified_gmt":"2026-02-23T07:05:26","slug":"blog","status":"publish","type":"page","link":"https:\/\/www.uc-gadgets.com\/en\/blog\/","title":{"rendered":"Blog"},"content":{"rendered":"<style>.kb-row-layout-id422_90bdbe-7a > .kt-row-column-wrap{align-content:center;}:where(.kb-row-layout-id422_90bdbe-7a > .kt-row-column-wrap) > .wp-block-kadence-column{justify-content:center;}.kb-row-layout-id422_90bdbe-7a > .kt-row-column-wrap{column-gap:var(--global-kb-gap-md, 2rem);row-gap:var(--global-kb-gap-md, 2rem);max-width:687px;margin-left:auto;margin-right:auto;padding-top:80px;padding-right:25px;padding-bottom:122px;padding-left:25px;min-height:500px;grid-template-columns:minmax(0, 1fr);}.kb-row-layout-id422_90bdbe-7a > .kt-row-layout-overlay{opacity:1;background:linear-gradient(90deg, var(--global-palette1) 12%, var(--global-palette2) 100%);}.kb-row-layout-id422_90bdbe-7a .kt-row-layout-bottom-sep{height:100px;}.kb-row-layout-id422_90bdbe-7a .kt-row-layout-bottom-sep svg{width:100%;}.kb-row-layout-id422_90bdbe-7a .kt-row-layout-bottom-sep svg{fill:var(--global-palette9, #ffffff)!important;}@media all and (max-width: 1024px){.kb-row-layout-id422_90bdbe-7a > .kt-row-column-wrap{grid-template-columns:minmax(0, 1fr);}}@media all and (max-width: 1024px){.kb-row-layout-id422_90bdbe-7a .kt-row-layout-bottom-sep{height:px;}}@media all and (max-width: 1024px){.kb-row-layout-id422_90bdbe-7a .kt-row-layout-bottom-sep svg{width:%;}}@media all and (max-width: 767px){.kb-row-layout-id422_90bdbe-7a > .kt-row-column-wrap{grid-template-columns:minmax(0, 1fr);}.kb-row-layout-id422_90bdbe-7a .kt-row-layout-bottom-sep{height:px;}.kb-row-layout-id422_90bdbe-7a .kt-row-layout-bottom-sep svg{width:%;}}<\/style><div class=\"kb-row-layout-wrap kb-row-layout-id422_90bdbe-7a alignnone kt-row-has-bg wp-block-kadence-rowlayout\"><div class=\"kt-row-layout-overlay kt-row-overlay-gradient\"><\/div><div class=\"kt-row-layout-bottom-sep kt-row-sep-type-mtns\"><svg viewBox=\"0 0 1000 100\" preserveAspectRatio=\"none\"><path d=\"M1000,50l-182.69,-45.286l-292.031,61.197l-190.875,-41.075l-143.748,28.794l-190.656,-23.63l0,70l1000,0l0,-50Z\" style=\"opacity: 0.4\" \/><path d=\"M1000,57l-152.781,-22.589l-214.383,19.81l-159.318,-21.471l-177.44,25.875l-192.722,5.627l-103.356,-27.275l0,63.023l1000,0l0,-43Z\" \/><\/svg><\/div><div class=\"kt-row-column-wrap kt-has-1-columns kt-row-layout-equal kt-tab-layout-inherit kt-mobile-layout-row kt-row-valign-middle\">\n<style>.kadence-column422_9ddb91-51 > .kt-inside-inner-col,.kadence-column422_9ddb91-51 > .kt-inside-inner-col:before{border-top-left-radius:0px;border-top-right-radius:0px;border-bottom-right-radius:0px;border-bottom-left-radius:0px;}.kadence-column422_9ddb91-51 > .kt-inside-inner-col{column-gap:var(--global-kb-gap-sm, 1rem);}.kadence-column422_9ddb91-51 > .kt-inside-inner-col{flex-direction:column;}.kadence-column422_9ddb91-51 > .kt-inside-inner-col > .aligncenter{width:100%;}.kadence-column422_9ddb91-51 > .kt-inside-inner-col:before{opacity:0.3;}.kadence-column422_9ddb91-51{position:relative;}@media all and (max-width: 1024px){.kadence-column422_9ddb91-51 > .kt-inside-inner-col{flex-direction:column;justify-content:center;}}@media all and (max-width: 767px){.kadence-column422_9ddb91-51 > .kt-inside-inner-col{flex-direction:column;justify-content:center;}}<\/style>\n<div class=\"wp-block-kadence-column kadence-column422_9ddb91-51 inner-column-1\"><div class=\"kt-inside-inner-col\"><style>.wp-block-kadence-advancedheading.kt-adv-heading422_c28804-9f, .wp-block-kadence-advancedheading.kt-adv-heading422_c28804-9f[data-kb-block=\"kb-adv-heading422_c28804-9f\"]{text-align:center;font-size:60px;font-weight:normal;font-style:normal;color:rgba(255,255,255,0.98);text-shadow:1px 1px 1px rgba(0, 0, 0, 0.2);}.wp-block-kadence-advancedheading.kt-adv-heading422_c28804-9f mark.kt-highlight, .wp-block-kadence-advancedheading.kt-adv-heading422_c28804-9f[data-kb-block=\"kb-adv-heading422_c28804-9f\"] mark.kt-highlight{font-weight:normal;font-style:normal;color:#f76a0c;-webkit-box-decoration-break:clone;box-decoration-break:clone;padding-top:0px;padding-right:0px;padding-bottom:0px;padding-left:0px;}.wp-block-kadence-advancedheading.kt-adv-heading422_c28804-9f img.kb-inline-image, .wp-block-kadence-advancedheading.kt-adv-heading422_c28804-9f[data-kb-block=\"kb-adv-heading422_c28804-9f\"] img.kb-inline-image{width:150px;vertical-align:baseline;}@media all and (max-width: 1024px){.wp-block-kadence-advancedheading.kt-adv-heading422_c28804-9f, .wp-block-kadence-advancedheading.kt-adv-heading422_c28804-9f[data-kb-block=\"kb-adv-heading422_c28804-9f\"]{text-shadow:1px 1px 1px rgba(0, 0, 0, 0.2);font-size:50px;}}@media all and (max-width: 767px){.wp-block-kadence-advancedheading.kt-adv-heading422_c28804-9f, .wp-block-kadence-advancedheading.kt-adv-heading422_c28804-9f[data-kb-block=\"kb-adv-heading422_c28804-9f\"]{text-shadow:1px 1px 1px rgba(0, 0, 0, 0.2);font-size:40px;}}<\/style>\n<h1 class=\"kt-adv-heading422_c28804-9f wp-block-kadence-advancedheading\" data-kb-block=\"kb-adv-heading422_c28804-9f\">Blog<\/h1>\n<\/div><\/div>\n\n<\/div><\/div>\n\n<style>.kb-row-layout-wrap.wp-block-kadence-rowlayout.kb-row-layout-id422_da19e8-25{margin-top:-200px;}.kb-row-layout-id422_da19e8-25 > .kt-row-column-wrap{align-content:start;}:where(.kb-row-layout-id422_da19e8-25 > .kt-row-column-wrap) > .wp-block-kadence-column{justify-content:start;}.kb-row-layout-id422_da19e8-25 > .kt-row-column-wrap{column-gap:40px;row-gap:var(--global-kb-gap-md, 2rem);max-width:1194px;margin-left:auto;margin-right:auto;padding-top:60px;padding-right:25px;padding-bottom:154px;padding-left:25px;grid-template-columns:minmax(0, 1fr);}.kb-row-layout-id422_da19e8-25 > .kt-row-layout-overlay{opacity:0.30;}@media all and (max-width: 1024px){.kb-row-layout-id422_da19e8-25 > .kt-row-column-wrap{grid-template-columns:minmax(0, 1fr);}}@media all and (max-width: 767px){.kb-row-layout-id422_da19e8-25 > .kt-row-column-wrap{grid-template-columns:minmax(0, 1fr);}}<\/style><div class=\"kb-row-layout-wrap kb-row-layout-id422_da19e8-25 alignnone wp-block-kadence-rowlayout\"><div class=\"kt-row-column-wrap kt-has-1-columns kt-row-layout-equal kt-tab-layout-inherit kt-mobile-layout-row kt-row-valign-top\">\n<style>.kadence-column422_4bd75e-12 > .kt-inside-inner-col{display:flex;}.kadence-column422_4bd75e-12 > .kt-inside-inner-col{padding-top:30px;padding-right:30px;padding-bottom:30px;padding-left:30px;}.kadence-column422_4bd75e-12 > .kt-inside-inner-col{box-shadow:0px 0px 30px 0px rgba(0, 0, 0, 0.08);}.kadence-column422_4bd75e-12 > .kt-inside-inner-col,.kadence-column422_4bd75e-12 > .kt-inside-inner-col:before{border-top-left-radius:10px;border-top-right-radius:10px;border-bottom-right-radius:10px;border-bottom-left-radius:10px;}.kadence-column422_4bd75e-12 > .kt-inside-inner-col{column-gap:var(--global-kb-gap-sm, 1rem);}.kadence-column422_4bd75e-12 > .kt-inside-inner-col{flex-direction:column;}.kadence-column422_4bd75e-12 > .kt-inside-inner-col > .aligncenter{width:100%;}.kadence-column422_4bd75e-12 > .kt-inside-inner-col{background-color:var(--global-palette9, #ffffff);}.kadence-column422_4bd75e-12 > .kt-inside-inner-col:before{opacity:0.3;}.kadence-column422_4bd75e-12{position:relative;}.kadence-column422_4bd75e-12, .kt-inside-inner-col > .kadence-column422_4bd75e-12:not(.specificity){margin-top:-50px;}@media all and (max-width: 1024px){.kadence-column422_4bd75e-12 > .kt-inside-inner-col{flex-direction:column;justify-content:center;}}@media all and (max-width: 767px){.kadence-column422_4bd75e-12 > .kt-inside-inner-col{flex-direction:column;justify-content:center;}}<\/style>\n<div class=\"wp-block-kadence-column kadence-column422_4bd75e-12\"><div class=\"kt-inside-inner-col\"><ul style=\"font-size:14px;\" class=\"wp-block-latest-posts__list is-grid columns-3 has-dates wp-block-latest-posts\"><li><div class=\"wp-block-latest-posts__featured-image\"><a href=\"https:\/\/www.uc-gadgets.com\/en\/cagri-merkezi-icin-en-iyi-veri-analitigi-cozumleri\/\" aria-label=\"\u00c7a\u011fr\u0131 Merkezi i\u00e7in En \u0130yi Veri Analiti\u011fi \u00c7\u00f6z\u00fcmleri\"><img loading=\"lazy\" decoding=\"async\" width=\"800\" height=\"400\" src=\"https:\/\/www.uc-gadgets.com\/wp-content\/uploads\/2025\/03\/Explained-Types-of-Call-Center-Services-qwyj6ecxo8swo3uqnsq9ob954t9gmja0fc0t49nyjk.webp\" class=\"attachment-large size-large wp-post-image\" alt=\"\" style=\"\" srcset=\"https:\/\/www.uc-gadgets.com\/wp-content\/uploads\/2025\/03\/Explained-Types-of-Call-Center-Services-qwyj6ecxo8swo3uqnsq9ob954t9gmja0fc0t49nyjk.webp 800w, https:\/\/www.uc-gadgets.com\/wp-content\/uploads\/2025\/03\/Explained-Types-of-Call-Center-Services-qwyj6ecxo8swo3uqnsq9ob954t9gmja0fc0t49nyjk-300x150.webp 300w, https:\/\/www.uc-gadgets.com\/wp-content\/uploads\/2025\/03\/Explained-Types-of-Call-Center-Services-qwyj6ecxo8swo3uqnsq9ob954t9gmja0fc0t49nyjk-768x384.webp 768w, https:\/\/www.uc-gadgets.com\/wp-content\/uploads\/2025\/03\/Explained-Types-of-Call-Center-Services-qwyj6ecxo8swo3uqnsq9ob954t9gmja0fc0t49nyjk-18x9.webp 18w\" sizes=\"auto, (max-width: 800px) 100vw, 800px\" \/><\/a><\/div><a class=\"wp-block-latest-posts__post-title\" href=\"https:\/\/www.uc-gadgets.com\/en\/cagri-merkezi-icin-en-iyi-veri-analitigi-cozumleri\/\">\u00c7a\u011fr\u0131 Merkezi i\u00e7in En \u0130yi Veri Analiti\u011fi \u00c7\u00f6z\u00fcmleri<\/a><time datetime=\"2025-03-11T10:35:54+03:00\" class=\"wp-block-latest-posts__post-date\">11 March 2025<\/time><div class=\"wp-block-latest-posts__post-excerpt\">\u00c7a\u011fr\u0131 merkezleri, m\u00fc\u015fteri deneyimini geli\u015ftirmek ve operasyonel verimlili\u011fi art\u0131rmak i\u00e7in veri analiti\u011fi \u00e7\u00f6z\u00fcmlerinden giderek daha fazla yararlan\u0131yor. Ancak, b\u00fcy\u00fck miktarda \u00e7a\u011fr\u0131 verisini analiz etmek zor olabilir. <\/div><\/li>\n<li><div class=\"wp-block-latest-posts__featured-image\"><a href=\"https:\/\/www.uc-gadgets.com\/en\/cmr-jitter-gecikmesi-nedir-cagri-kalitenizi-artirmanin-yollari\/\" aria-label=\"CMR Jitter Gecikmesi Nedir? \u00c7a\u011fr\u0131 Kalitenizi Art\u0131rman\u0131n Yollar\u0131\"><img loading=\"lazy\" decoding=\"async\" width=\"1000\" height=\"568\" src=\"https:\/\/www.uc-gadgets.com\/wp-content\/uploads\/2020\/05\/What-Are-The-Benefits-Of-Quality-Assurance.webp\" class=\"attachment-large size-large wp-post-image\" alt=\"\" style=\"\" srcset=\"https:\/\/www.uc-gadgets.com\/wp-content\/uploads\/2020\/05\/What-Are-The-Benefits-Of-Quality-Assurance.webp 1000w, https:\/\/www.uc-gadgets.com\/wp-content\/uploads\/2020\/05\/What-Are-The-Benefits-Of-Quality-Assurance-300x170.webp 300w, https:\/\/www.uc-gadgets.com\/wp-content\/uploads\/2020\/05\/What-Are-The-Benefits-Of-Quality-Assurance-768x436.webp 768w, https:\/\/www.uc-gadgets.com\/wp-content\/uploads\/2020\/05\/What-Are-The-Benefits-Of-Quality-Assurance-18x10.webp 18w\" sizes=\"auto, (max-width: 1000px) 100vw, 1000px\" \/><\/a><\/div><a class=\"wp-block-latest-posts__post-title\" href=\"https:\/\/www.uc-gadgets.com\/en\/cmr-jitter-gecikmesi-nedir-cagri-kalitenizi-artirmanin-yollari\/\">CMR Jitter Gecikmesi Nedir? \u00c7a\u011fr\u0131 Kalitenizi Art\u0131rman\u0131n Yollar\u0131<\/a><time datetime=\"2020-05-21T21:22:12+03:00\" class=\"wp-block-latest-posts__post-date\">21 May 2020<\/time><div class=\"wp-block-latest-posts__post-excerpt\">\u00c7a\u011fr\u0131 merkezlerinde VoIP (IP \u00fczerinden ses iletimi) teknolojisi kullan\u0131ld\u0131\u011f\u0131nda, \u00e7a\u011fr\u0131 kalitesini do\u011frudan etkileyen en b\u00fcy\u00fck sorunlardan biri jitter gecikmesi olabilir. VoIP \u00e7a\u011fr\u0131lar\u0131nda ses, k\u00fc\u00e7\u00fck veri paketleri halinde kar\u015f\u0131 tarafa iletilir. <\/div><\/li>\n<li><div class=\"wp-block-latest-posts__featured-image\"><a href=\"https:\/\/www.uc-gadgets.com\/en\/gelen-ve-giden-cagri-dagilimi-verimliligi-artiran-stratejiler\/\" aria-label=\"Gelen ve Giden \u00c7a\u011fr\u0131 Da\u011f\u0131l\u0131m\u0131: Verimlili\u011fi Art\u0131ran Stratejiler\"><img loading=\"lazy\" decoding=\"async\" width=\"1024\" height=\"540\" src=\"https:\/\/www.uc-gadgets.com\/wp-content\/uploads\/2020\/05\/Call_Analytics-Feature_Banner-1024x540.webp\" class=\"attachment-large size-large wp-post-image\" alt=\"\" style=\"\" srcset=\"https:\/\/www.uc-gadgets.com\/wp-content\/uploads\/2020\/05\/Call_Analytics-Feature_Banner-1024x540.webp 1024w, https:\/\/www.uc-gadgets.com\/wp-content\/uploads\/2020\/05\/Call_Analytics-Feature_Banner-300x158.webp 300w, https:\/\/www.uc-gadgets.com\/wp-content\/uploads\/2020\/05\/Call_Analytics-Feature_Banner-768x405.webp 768w, https:\/\/www.uc-gadgets.com\/wp-content\/uploads\/2020\/05\/Call_Analytics-Feature_Banner-1536x810.webp 1536w, https:\/\/www.uc-gadgets.com\/wp-content\/uploads\/2020\/05\/Call_Analytics-Feature_Banner-2048x1080.webp 2048w, https:\/\/www.uc-gadgets.com\/wp-content\/uploads\/2020\/05\/Call_Analytics-Feature_Banner-18x9.webp 18w\" sizes=\"auto, (max-width: 1024px) 100vw, 1024px\" \/><\/a><\/div><a class=\"wp-block-latest-posts__post-title\" href=\"https:\/\/www.uc-gadgets.com\/en\/gelen-ve-giden-cagri-dagilimi-verimliligi-artiran-stratejiler\/\">Gelen ve Giden \u00c7a\u011fr\u0131 Da\u011f\u0131l\u0131m\u0131: Verimlili\u011fi Art\u0131ran Stratejiler<\/a><time datetime=\"2020-05-21T21:21:37+03:00\" class=\"wp-block-latest-posts__post-date\">21 May 2020<\/time><div class=\"wp-block-latest-posts__post-excerpt\">\u00c7a\u011fr\u0131 merkezlerinde gelen (inbound) ve giden (outbound) \u00e7a\u011fr\u0131 da\u011f\u0131l\u0131m\u0131, m\u00fc\u015fteri memnuniyetini sa\u011flamak ve operasyonel verimlili\u011fi art\u0131rmak i\u00e7in kritik bir \u00f6neme sahiptir. \u00c7a\u011fr\u0131lar\u0131n nas\u0131l y\u00f6nlendirildi\u011fi, m\u00fc\u015fteri temsilcilerinin performans\u0131 ve hizmet kalitesi do\u011frudan bu verilere ba\u011fl\u0131d\u0131r.<\/div><\/li>\n<li><div class=\"wp-block-latest-posts__featured-image\"><a href=\"https:\/\/www.uc-gadgets.com\/en\/ulkelere-gore-cagri-dagilimi-musteri-egilimlerini-nasil-analiz-edebilirsiniz\/\" aria-label=\"\u00dclkelere G\u00f6re \u00c7a\u011fr\u0131 Da\u011f\u0131l\u0131m\u0131: M\u00fc\u015fteri E\u011filimlerini Nas\u0131l Analiz Edebilirsiniz?\"><img loading=\"lazy\" decoding=\"async\" width=\"832\" height=\"448\" src=\"https:\/\/www.uc-gadgets.com\/wp-content\/uploads\/2020\/05\/2531b6ae-cc82-4657-80ec-426e81f6f7c9.webp\" class=\"attachment-large size-large wp-post-image\" alt=\"\" style=\"\" srcset=\"https:\/\/www.uc-gadgets.com\/wp-content\/uploads\/2020\/05\/2531b6ae-cc82-4657-80ec-426e81f6f7c9.webp 832w, https:\/\/www.uc-gadgets.com\/wp-content\/uploads\/2020\/05\/2531b6ae-cc82-4657-80ec-426e81f6f7c9-300x162.webp 300w, https:\/\/www.uc-gadgets.com\/wp-content\/uploads\/2020\/05\/2531b6ae-cc82-4657-80ec-426e81f6f7c9-768x414.webp 768w, https:\/\/www.uc-gadgets.com\/wp-content\/uploads\/2020\/05\/2531b6ae-cc82-4657-80ec-426e81f6f7c9-18x10.webp 18w\" sizes=\"auto, (max-width: 832px) 100vw, 832px\" \/><\/a><\/div><a class=\"wp-block-latest-posts__post-title\" href=\"https:\/\/www.uc-gadgets.com\/en\/ulkelere-gore-cagri-dagilimi-musteri-egilimlerini-nasil-analiz-edebilirsiniz\/\">\u00dclkelere G\u00f6re \u00c7a\u011fr\u0131 Da\u011f\u0131l\u0131m\u0131: M\u00fc\u015fteri E\u011filimlerini Nas\u0131l Analiz Edebilirsiniz?<\/a><time datetime=\"2020-05-21T21:21:19+03:00\" class=\"wp-block-latest-posts__post-date\">21 May 2020<\/time><div class=\"wp-block-latest-posts__post-excerpt\">\u00c7a\u011fr\u0131 merkezinizin hangi \u00fclkelerden gelen \u00e7a\u011fr\u0131lara hizmet verdi\u011fini analiz etmek, m\u00fc\u015fteri kitlenizi daha iyi anlaman\u0131za yard\u0131mc\u0131 olur. \u00dclkelere g\u00f6re \u00e7a\u011fr\u0131 da\u011f\u0131l\u0131m\u0131, hangi b\u00f6lgelerden ne kadar \u00e7a\u011fr\u0131 geldi\u011fini, hangi dillerin a\u011f\u0131rl\u0131kl\u0131 olarak kullan\u0131ld\u0131\u011f\u0131n\u0131 ve m\u00fc\u015fteri e\u011filimlerini belirlemenize olanak tan\u0131r.<\/div><\/li>\n<li><div class=\"wp-block-latest-posts__featured-image\"><a href=\"https:\/\/www.uc-gadgets.com\/en\/cagri-merkezi-performansinizi-artirin-cdr-ve-cmr-verileri-ile-analiz-yapma\/\" aria-label=\"\u00c7a\u011fr\u0131 Merkezi Performans\u0131n\u0131z\u0131 Art\u0131r\u0131n: CDR ve CMR Verileri ile Analiz Yapma\"><img loading=\"lazy\" decoding=\"async\" width=\"832\" height=\"448\" src=\"https:\/\/www.uc-gadgets.com\/wp-content\/uploads\/2020\/05\/2d7a3743-5256-4750-805f-0852af799328.webp\" class=\"attachment-large size-large wp-post-image\" alt=\"\" style=\"\" srcset=\"https:\/\/www.uc-gadgets.com\/wp-content\/uploads\/2020\/05\/2d7a3743-5256-4750-805f-0852af799328.webp 832w, https:\/\/www.uc-gadgets.com\/wp-content\/uploads\/2020\/05\/2d7a3743-5256-4750-805f-0852af799328-300x162.webp 300w, https:\/\/www.uc-gadgets.com\/wp-content\/uploads\/2020\/05\/2d7a3743-5256-4750-805f-0852af799328-768x414.webp 768w, https:\/\/www.uc-gadgets.com\/wp-content\/uploads\/2020\/05\/2d7a3743-5256-4750-805f-0852af799328-18x10.webp 18w\" sizes=\"auto, (max-width: 832px) 100vw, 832px\" \/><\/a><\/div><a class=\"wp-block-latest-posts__post-title\" href=\"https:\/\/www.uc-gadgets.com\/en\/cagri-merkezi-performansinizi-artirin-cdr-ve-cmr-verileri-ile-analiz-yapma\/\">\u00c7a\u011fr\u0131 Merkezi Performans\u0131n\u0131z\u0131 Art\u0131r\u0131n: CDR ve CMR Verileri ile Analiz Yapma<\/a><time datetime=\"2020-05-21T21:20:51+03:00\" class=\"wp-block-latest-posts__post-date\">21 May 2020<\/time><div class=\"wp-block-latest-posts__post-excerpt\">\u00c7a\u011fr\u0131 merkezleri, m\u00fc\u015fteri memnuniyetini art\u0131rmak ve operasyonel verimlili\u011fi sa\u011flamak i\u00e7in geli\u015fmi\u015f veri analiti\u011fi \u00e7\u00f6z\u00fcmlerine ihtiya\u00e7 duyar. CDR (Call Detail Record) ve CMR (Call Management Record) gibi veri kaynaklar\u0131, \u00e7a\u011fr\u0131 performans\u0131n\u0131 \u00f6l\u00e7mek ve optimize etmek i\u00e7in kritik bilgiler sunar. <\/div><\/li>\n<\/ul><\/div><\/div>\n\n<\/div><\/div>","protected":false},"excerpt":{"rendered":"<p>Blog<\/p>","protected":false},"author":1,"featured_media":0,"parent":0,"menu_order":0,"comment_status":"closed","ping_status":"closed","template":"","meta":{"_kadence_starter_templates_imported_post":true,"_kad_post_transparent":"","_kad_post_title":"hide","_kad_post_layout":"","_kad_post_sidebar_id":"","_kad_post_content_style":"","_kad_post_vertical_padding":"","_kad_post_feature":"","_kad_post_feature_position":"","_kad_post_header":false,"_kad_post_footer":false,"_kad_post_classname":"","footnotes":""},"class_list":["post-422","page","type-page","status-publish","hentry"],"yoast_head":"<title>Blog | UC Gadgets \u2014 Cagri Merkezi Teknolojileri<\/title>\n<meta name=\"description\" content=\"UC Gadgets blog \u2014 cagri merkezi analitigi, VoIP teknolojileri, CDR\/CMR veri analizi ve performans optimizasyonu hakkinda guncel icerikler.\" \/>\n<meta name=\"robots\" content=\"index, follow, max-snippet:-1, max-image-preview:large, max-video-preview:-1\" \/>\n<link rel=\"canonical\" href=\"https:\/\/uc-gadgets.com\/blog\/\" \/>\n<meta property=\"og:locale\" content=\"en_US\" \/>\n<meta property=\"og:type\" content=\"article\" \/>\n<meta property=\"og:title\" content=\"Blog | UC Gadgets \u2014 Cagri Merkezi Teknolojileri\" \/>\n<meta property=\"og:description\" content=\"UC Gadgets blog \u2014 cagri merkezi analitigi, VoIP teknolojileri, CDR\/CMR veri analizi ve performans optimizasyonu hakkinda guncel icerikler.\" \/>\n<meta property=\"og:url\" content=\"https:\/\/uc-gadgets.com\/blog\/\" \/>\n<meta property=\"og:site_name\" content=\"UC-GADGETS\" \/>\n<meta property=\"article:modified_time\" content=\"2026-02-23T07:05:26+00:00\" \/>\n<meta name=\"twitter:card\" content=\"summary_large_image\" \/>\n<meta name=\"twitter:label1\" content=\"Est. reading time\" \/>\n\t<meta name=\"twitter:data1\" content=\"1 minute\" \/>\n<script type=\"application\/ld+json\" class=\"yoast-schema-graph\">{\"@context\":\"https:\\\/\\\/schema.org\",\"@graph\":[{\"@type\":\"WebPage\",\"@id\":\"https:\\\/\\\/uc-gadgets.com\\\/blog\\\/\",\"url\":\"https:\\\/\\\/uc-gadgets.com\\\/blog\\\/\",\"name\":\"Blog | UC Gadgets \u2014 Cagri Merkezi Teknolojileri\",\"isPartOf\":{\"@id\":\"https:\\\/\\\/18.199.35.1\\\/#website\"},\"datePublished\":\"2020-05-21T21:23:37+00:00\",\"dateModified\":\"2026-02-23T07:05:26+00:00\",\"description\":\"UC Gadgets blog \u2014 cagri merkezi analitigi, VoIP teknolojileri, CDR\\\/CMR veri analizi ve performans optimizasyonu hakkinda guncel icerikler.\",\"breadcrumb\":{\"@id\":\"https:\\\/\\\/uc-gadgets.com\\\/blog\\\/#breadcrumb\"},\"inLanguage\":\"en-US\",\"potentialAction\":[{\"@type\":\"ReadAction\",\"target\":[\"https:\\\/\\\/uc-gadgets.com\\\/blog\\\/\"]}]},{\"@type\":\"BreadcrumbList\",\"@id\":\"https:\\\/\\\/uc-gadgets.com\\\/blog\\\/#breadcrumb\",\"itemListElement\":[{\"@type\":\"ListItem\",\"position\":1,\"name\":\"Home\",\"item\":\"https:\\\/\\\/18.199.35.1\\\/\"},{\"@type\":\"ListItem\",\"position\":2,\"name\":\"Blog\"}]},{\"@type\":\"WebSite\",\"@id\":\"https:\\\/\\\/18.199.35.1\\\/#website\",\"url\":\"https:\\\/\\\/18.199.35.1\\\/\",\"name\":\"UC-GADGETS\",\"description\":\"Yapay Zeka Destekli \u00c7a\u011fr\u0131 Merkezi Analiz \u00c7\u00f6z\u00fcmleri\",\"publisher\":{\"@id\":\"https:\\\/\\\/18.199.35.1\\\/#organization\"},\"potentialAction\":[{\"@type\":\"SearchAction\",\"target\":{\"@type\":\"EntryPoint\",\"urlTemplate\":\"https:\\\/\\\/18.199.35.1\\\/?s={search_term_string}\"},\"query-input\":{\"@type\":\"PropertyValueSpecification\",\"valueRequired\":true,\"valueName\":\"search_term_string\"}}],\"inLanguage\":\"en-US\"},{\"@type\":\"Organization\",\"@id\":\"https:\\\/\\\/18.199.35.1\\\/#organization\",\"name\":\"UC-GADGETS\",\"url\":\"https:\\\/\\\/18.199.35.1\\\/\",\"logo\":{\"@type\":\"ImageObject\",\"inLanguage\":\"en-US\",\"@id\":\"https:\\\/\\\/18.199.35.1\\\/#\\\/schema\\\/logo\\\/image\\\/\",\"url\":\"https:\\\/\\\/18.197.164.135\\\/wp-content\\\/uploads\\\/2025\\\/03\\\/logo-dark-1.png\",\"contentUrl\":\"https:\\\/\\\/18.197.164.135\\\/wp-content\\\/uploads\\\/2025\\\/03\\\/logo-dark-1.png\",\"width\":187,\"height\":50,\"caption\":\"UC-GADGETS\"},\"image\":{\"@id\":\"https:\\\/\\\/18.199.35.1\\\/#\\\/schema\\\/logo\\\/image\\\/\"}}]}<\/script>","yoast_head_json":{"title":"Blog | UC Gadgets \u2014 Cagri Merkezi Teknolojileri","description":"UC Gadgets blog \u2014 cagri merkezi analitigi, VoIP teknolojileri, CDR\/CMR veri analizi ve performans optimizasyonu hakkinda guncel icerikler.","robots":{"index":"index","follow":"follow","max-snippet":"max-snippet:-1","max-image-preview":"max-image-preview:large","max-video-preview":"max-video-preview:-1"},"canonical":"https:\/\/uc-gadgets.com\/blog\/","og_locale":"en_US","og_type":"article","og_title":"Blog | UC Gadgets \u2014 Cagri Merkezi Teknolojileri","og_description":"UC Gadgets blog \u2014 cagri merkezi analitigi, VoIP teknolojileri, CDR\/CMR veri analizi ve performans optimizasyonu hakkinda guncel icerikler.","og_url":"https:\/\/uc-gadgets.com\/blog\/","og_site_name":"UC-GADGETS","article_modified_time":"2026-02-23T07:05:26+00:00","twitter_card":"summary_large_image","twitter_misc":{"Est. reading time":"1 minute"},"schema":{"@context":"https:\/\/schema.org","@graph":[{"@type":"WebPage","@id":"https:\/\/uc-gadgets.com\/blog\/","url":"https:\/\/uc-gadgets.com\/blog\/","name":"Blog | UC Gadgets \u2014 Cagri Merkezi Teknolojileri","isPartOf":{"@id":"https:\/\/18.199.35.1\/#website"},"datePublished":"2020-05-21T21:23:37+00:00","dateModified":"2026-02-23T07:05:26+00:00","description":"UC Gadgets blog \u2014 cagri merkezi analitigi, VoIP teknolojileri, CDR\/CMR veri analizi ve performans optimizasyonu hakkinda guncel icerikler.","breadcrumb":{"@id":"https:\/\/uc-gadgets.com\/blog\/#breadcrumb"},"inLanguage":"en-US","potentialAction":[{"@type":"ReadAction","target":["https:\/\/uc-gadgets.com\/blog\/"]}]},{"@type":"BreadcrumbList","@id":"https:\/\/uc-gadgets.com\/blog\/#breadcrumb","itemListElement":[{"@type":"ListItem","position":1,"name":"Home","item":"https:\/\/18.199.35.1\/"},{"@type":"ListItem","position":2,"name":"Blog"}]},{"@type":"WebSite","@id":"https:\/\/18.199.35.1\/#website","url":"https:\/\/18.199.35.1\/","name":"UC-GADGETS","description":"Yapay Zeka Destekli \u00c7a\u011fr\u0131 Merkezi Analiz \u00c7\u00f6z\u00fcmleri","publisher":{"@id":"https:\/\/18.199.35.1\/#organization"},"potentialAction":[{"@type":"SearchAction","target":{"@type":"EntryPoint","urlTemplate":"https:\/\/18.199.35.1\/?s={search_term_string}"},"query-input":{"@type":"PropertyValueSpecification","valueRequired":true,"valueName":"search_term_string"}}],"inLanguage":"en-US"},{"@type":"Organization","@id":"https:\/\/18.199.35.1\/#organization","name":"UC-GADGETS","url":"https:\/\/18.199.35.1\/","logo":{"@type":"ImageObject","inLanguage":"en-US","@id":"https:\/\/18.199.35.1\/#\/schema\/logo\/image\/","url":"https:\/\/18.197.164.135\/wp-content\/uploads\/2025\/03\/logo-dark-1.png","contentUrl":"https:\/\/18.197.164.135\/wp-content\/uploads\/2025\/03\/logo-dark-1.png","width":187,"height":50,"caption":"UC-GADGETS"},"image":{"@id":"https:\/\/18.199.35.1\/#\/schema\/logo\/image\/"}}]}},"_links":{"self":[{"href":"https:\/\/www.uc-gadgets.com\/en\/wp-json\/wp\/v2\/pages\/422","targetHints":{"allow":["GET"]}}],"collection":[{"href":"https:\/\/www.uc-gadgets.com\/en\/wp-json\/wp\/v2\/pages"}],"about":[{"href":"https:\/\/www.uc-gadgets.com\/en\/wp-json\/wp\/v2\/types\/page"}],"author":[{"embeddable":true,"href":"https:\/\/www.uc-gadgets.com\/en\/wp-json\/wp\/v2\/users\/1"}],"replies":[{"embeddable":true,"href":"https:\/\/www.uc-gadgets.com\/en\/wp-json\/wp\/v2\/comments?post=422"}],"version-history":[{"count":4,"href":"https:\/\/www.uc-gadgets.com\/en\/wp-json\/wp\/v2\/pages\/422\/revisions"}],"predecessor-version":[{"id":659,"href":"https:\/\/www.uc-gadgets.com\/en\/wp-json\/wp\/v2\/pages\/422\/revisions\/659"}],"wp:attachment":[{"href":"https:\/\/www.uc-gadgets.com\/en\/wp-json\/wp\/v2\/media?parent=422"}],"curies":[{"name":"wp","href":"https:\/\/api.w.org\/{rel}","templated":true}]}}